{"id":6,"date":"2023-10-15T21:11:58","date_gmt":"2023-10-15T19:11:58","guid":{"rendered":"https:\/\/adrien.sigot.com\/blog\/?page_id=6"},"modified":"2023-10-15T22:16:28","modified_gmt":"2023-10-15T20:16:28","slug":"anniversaire-2023","status":"publish","type":"page","link":"https:\/\/adrien.sigot.com\/blog\/","title":{"rendered":"Anniversaire 2023"},"content":{"rendered":"\n<p>Tout cadeau choisi par vos soins est le bienvenu, j&#8217;aime beaucoup les surprises !   Dans le cas o\u00f9 vous auriez besoin d&#8217;inspiration, voici quelques id\u00e9es : <\/p>\n\n\n\n<ul class=\"wp-block-list\">\n<li>Kits d&#8217;extension LEGO Super Mario, par exemple:   <\/li>\n<\/ul>\n\n\n\n<figure class=\"wp-block-image size-large is-resized\"><a href=\"https:\/\/adrien.sigot.com\/blog\/wp-content\/uploads\/2023\/10\/IMG_4461-scaled.jpg\"><img loading=\"lazy\" decoding=\"async\" width=\"1024\" height=\"768\" src=\"https:\/\/adrien.sigot.com\/blog\/wp-content\/uploads\/2023\/10\/IMG_4461-1024x768.jpg\" alt=\"\" class=\"wp-image-11\" style=\"aspect-ratio:1.3333333333333333;width:394px;height:auto\" srcset=\"https:\/\/adrien.sigot.com\/blog\/wp-content\/uploads\/2023\/10\/IMG_4461-1024x768.jpg 1024w, https:\/\/adrien.sigot.com\/blog\/wp-content\/uploads\/2023\/10\/IMG_4461-300x225.jpg 300w, https:\/\/adrien.sigot.com\/blog\/wp-content\/uploads\/2023\/10\/IMG_4461-768x576.jpg 768w, https:\/\/adrien.sigot.com\/blog\/wp-content\/uploads\/2023\/10\/IMG_4461-1536x1152.jpg 1536w, https:\/\/adrien.sigot.com\/blog\/wp-content\/uploads\/2023\/10\/IMG_4461-2048x1536.jpg 2048w\" sizes=\"auto, (max-width: 1024px) 100vw, 1024px\" \/><\/a><\/figure>\n\n\n\n<figure class=\"wp-block-image size-large is-resized\"><a href=\"https:\/\/adrien.sigot.com\/blog\/wp-content\/uploads\/2023\/10\/IMG_4460-scaled.jpg\"><img loading=\"lazy\" decoding=\"async\" width=\"1024\" height=\"768\" src=\"https:\/\/adrien.sigot.com\/blog\/wp-content\/uploads\/2023\/10\/IMG_4460-1024x768.jpg\" alt=\"\" class=\"wp-image-10\" style=\"aspect-ratio:1.3333333333333333;width:388px;height:auto\" srcset=\"https:\/\/adrien.sigot.com\/blog\/wp-content\/uploads\/2023\/10\/IMG_4460-1024x768.jpg 1024w, https:\/\/adrien.sigot.com\/blog\/wp-content\/uploads\/2023\/10\/IMG_4460-300x225.jpg 300w, https:\/\/adrien.sigot.com\/blog\/wp-content\/uploads\/2023\/10\/IMG_4460-768x576.jpg 768w, https:\/\/adrien.sigot.com\/blog\/wp-content\/uploads\/2023\/10\/IMG_4460-1536x1152.jpg 1536w, https:\/\/adrien.sigot.com\/blog\/wp-content\/uploads\/2023\/10\/IMG_4460-2048x1536.jpg 2048w\" sizes=\"auto, (max-width: 1024px) 100vw, 1024px\" \/><\/a><\/figure>\n\n\n\n<ul class=\"wp-block-list\">\n<li>Train Lego 50518 :<\/li>\n<\/ul>\n\n\n\n<figure class=\"wp-block-image size-full is-resized\"><a href=\"https:\/\/adrien.sigot.com\/blog\/wp-content\/uploads\/2023\/10\/720-16dd3e.jpeg\"><img loading=\"lazy\" decoding=\"async\" width=\"1000\" height=\"1000\" src=\"https:\/\/adrien.sigot.com\/blog\/wp-content\/uploads\/2023\/10\/720-16dd3e.jpeg\" alt=\"\" class=\"wp-image-13\" style=\"aspect-ratio:1;width:404px;height:auto\" srcset=\"https:\/\/adrien.sigot.com\/blog\/wp-content\/uploads\/2023\/10\/720-16dd3e.jpeg 1000w, https:\/\/adrien.sigot.com\/blog\/wp-content\/uploads\/2023\/10\/720-16dd3e-300x300.jpeg 300w, https:\/\/adrien.sigot.com\/blog\/wp-content\/uploads\/2023\/10\/720-16dd3e-150x150.jpeg 150w, https:\/\/adrien.sigot.com\/blog\/wp-content\/uploads\/2023\/10\/720-16dd3e-768x768.jpeg 768w\" sizes=\"auto, (max-width: 1000px) 100vw, 1000px\" \/><\/a><\/figure>\n\n\n\n<ul class=\"wp-block-list\">\n<li>Tout ce qui a rapport avec les trains, par exemple rails M\u00e4rklin My World, etc. <\/li>\n\n\n\n<li>Jeux de soci\u00e9t\u00e9  (sauf Skyjo, Uno, Monopoly car j&#8217;ai d\u00e9j\u00e0 :-)) <\/li>\n<\/ul>\n\n\n\n<p><\/p>\n\n\n\n<p>A bient\u00f4t \ud83d\ude42 <\/p>\n\n\n\n<p><\/p>\n","protected":false},"excerpt":{"rendered":"<p>Tout cadeau choisi par vos soins est le bienvenu, j&#8217;aime beaucoup les surprises ! Dans le cas o\u00f9 vous auriez besoin d&#8217;inspiration, voici quelques id\u00e9es : A bient\u00f4t \ud83d\ude42<\/p>\n","protected":false},"author":1,"featured_media":0,"parent":0,"menu_order":0,"comment_status":"closed","ping_status":"closed","template":"","meta":{"footnotes":""},"class_list":["post-6","page","type-page","status-publish","hentry","entry"],"_links":{"self":[{"href":"https:\/\/adrien.sigot.com\/blog\/index.php?rest_route=\/wp\/v2\/pages\/6","targetHints":{"allow":["GET"]}}],"collection":[{"href":"https:\/\/adrien.sigot.com\/blog\/index.php?rest_route=\/wp\/v2\/pages"}],"about":[{"href":"https:\/\/adrien.sigot.com\/blog\/index.php?rest_route=\/wp\/v2\/types\/page"}],"author":[{"embeddable":true,"href":"https:\/\/adrien.sigot.com\/blog\/index.php?rest_route=\/wp\/v2\/users\/1"}],"replies":[{"embeddable":true,"href":"https:\/\/adrien.sigot.com\/blog\/index.php?rest_route=%2Fwp%2Fv2%2Fcomments&post=6"}],"version-history":[{"count":5,"href":"https:\/\/adrien.sigot.com\/blog\/index.php?rest_route=\/wp\/v2\/pages\/6\/revisions"}],"predecessor-version":[{"id":19,"href":"https:\/\/adrien.sigot.com\/blog\/index.php?rest_route=\/wp\/v2\/pages\/6\/revisions\/19"}],"wp:attachment":[{"href":"https:\/\/adrien.sigot.com\/blog\/index.php?rest_route=%2Fwp%2Fv2%2Fmedia&parent=6"}],"curies":[{"name":"wp","href":"https:\/\/api.w.org\/{rel}","templated":true}]}}